{"id":7,"date":"2016-07-06T13:59:31","date_gmt":"2016-07-06T12:59:31","guid":{"rendered":"https:\/\/lacteosdelprado.cl\/index.php\/home\/"},"modified":"2025-11-10T00:35:46","modified_gmt":"2025-11-10T00:35:46","slug":"home","status":"publish","type":"page","link":"https:\/\/lacteosdelprado.cl\/","title":{"rendered":"Home"},"content":{"rendered":"<div class=\"wpb-content-wrapper\"><p>[vc_row type=\u00bbvc_default\u00bb css=\u00bb.vc_custom_1474232608981{padding-top: 30px !important;padding-bottom: 40px !important;}\u00bb][vc_column width=\u00bb1\/2&#8243;]<div id=\"ultimate-heading-123269f15168f335f\" class=\"uvc-heading ult-adjust-bottom-margin ultimate-heading-123269f15168f335f uvc-4969 \" data-hspacer=\"no_spacer\"  data-halign=\"left\" style=\"text-align:left\"><div class=\"uvc-heading-spacer no_spacer\" style=\"top\"><\/div><div class=\"uvc-main-heading ult-responsive\"  data-ultimate-target='.uvc-heading.ultimate-heading-123269f15168f335f h2'  data-responsive-json-new='{\"font-size\":\"desktop:40px;\",\"line-height\":\"desktop:45px;\"}' ><h2 style=\"font-family:&#039;Great Vibes&#039;;--font-weight:theme;color:#c5ab6b;\">L\u00e1cteos Del Prado<\/h2><\/div><div class=\"uvc-sub-heading ult-responsive\"  data-ultimate-target='.uvc-heading.ultimate-heading-123269f15168f335f .uvc-sub-heading '  data-responsive-json-new='{\"font-size\":\"desktop:35px;\",\"line-height\":\"desktop:40px;\"}'  style=\"font-family:&#039;Poppins&#039;;font-weight:normal;color:#303030;margin-bottom:20px;\"><\/p>\n<h4 class=\"mb-3 \">Productos Gourmet<\/h4>\n<p><\/div><\/div>[vc_column_text css=\u00bb.vc_custom_1762399027438{padding-bottom: 35px !important;}\u00bb]Contamos con m\u00e1s de 15 diferentes productos entre los que se destacan quesos mantecosos, ahumados, maduros y un queso al estilo franc\u00e9s <strong>\u201cMorbier\u201d<\/strong> junto a yogures, cremosos y libres de lactosa.<\/p>\n<p>Adem\u00e1s contamos con l\u00ednea exclusiva de \u201cAutor\u201d, con tres variedades, <strong>\u201cCapa Negra\u201d,<\/strong> un queso de 60 d\u00edas de maduraci\u00f3n, con una cubierta de caf\u00e9 tostado colombiano y que se inspira y honra a la gente de campo de cuenca del Ranco, y <strong>\u201dCapa Roja\u201d<\/strong> un queso de semejantes caracter\u00edsticas con cobertura de aj\u00ed picante[\/vc_column_text][\/vc_column][vc_column width=\u00bb1\/2&#8243; css=\u00bb.vc_custom_1469297991002{padding-bottom: 30px !important;}\u00bb][vc_separator color=\u00bbwhite\u00bb border_width=\u00bb7&#8243; css=\u00bb\u00bb]<div id=\"ultimate-heading-56769f15168f3462\" class=\"uvc-heading ult-adjust-bottom-margin ultimate-heading-56769f15168f3462 uvc-9954 \" data-hspacer=\"line_with_icon\" data-hline_width=\"80\" data-hicon_type=\"selector\" data-hborder_style=\"double\" data-hborder_height=\"3\" data-hborder_color=\"rgba(0,0,0,0.15)\" data-icon_width=\"10\" data-hfixer=\"10\"  data-halign=\"center\" style=\"text-align:center\"><div class=\"uvc-main-heading ult-responsive\"  data-ultimate-target='.uvc-heading.ultimate-heading-56769f15168f3462 h2'  data-responsive-json-new='{\"font-size\":\"desktop:60px;tablet:60px;tablet_portrait:40px;mobile_landscape:40px;mobile:40px;\",\"line-height\":\"desktop:65px;tablet:65px;tablet_portrait:45px;mobile_landscape:45px;mobile:45px;\"}' ><h2 style=\"font-family:&#039;Great Vibes&#039;;--font-weight:theme;color:#c5ab6b;margin-bottom:5px;\">Productos de autor<\/h2><\/div><div class=\"uvc-heading-spacer line_with_icon\" style=\"margin-top:15px;height:10px;\"><div class=\"ult-just-icon-wrapper  \"><div class=\"align-icon\" style=\"text-align:center;\">\n<div class=\"aio-icon none \"  style=\"color:rgba(0,0,0,0.25);font-size:10px;display:inline-block;\">\n\t<i class=\"icomoon-free-social-contact-16x16-svg\"><\/i>\n<\/div><\/div><\/div><\/div><\/div><style type=\"text\/css\" data-type=\"the7_shortcodes-inline-css\">.gallery-carousel-shortcode.gallery-carousel-shortcode-id-73e8cee5c23e747dad4d26ef42c689f1.owl-carousel .owl-nav div {\n  width: 36px;\n  height: 36px;\n  border-radius: 500px;\n}\n.dt-arrow-border-on.gallery-carousel-shortcode.gallery-carousel-shortcode-id-73e8cee5c23e747dad4d26ef42c689f1.owl-carousel .owl-nav div:not(:hover):before {\n  border-width: 0px;\n}\n.dt-arrow-hover-border-on.gallery-carousel-shortcode.gallery-carousel-shortcode-id-73e8cee5c23e747dad4d26ef42c689f1.owl-carousel .owl-nav div:hover:after {\n  border-width: 0px;\n}\n.gallery-carousel-shortcode.gallery-carousel-shortcode-id-73e8cee5c23e747dad4d26ef42c689f1.owl-carousel .owl-nav div.owl-prev {\n  top: 50%;\n  transform: translateY(calc(-50% + 0px));\n  left: -43px;\n}\n@media all and (-ms-high-contrast: none) {\n  .gallery-carousel-shortcode.gallery-carousel-shortcode-id-73e8cee5c23e747dad4d26ef42c689f1.owl-carousel .owl-nav div.owl-prev {\n    transform: translateY(-50%);\n    margin-top: 0px;\n  }\n}\n.gallery-carousel-shortcode.gallery-carousel-shortcode-id-73e8cee5c23e747dad4d26ef42c689f1.owl-carousel .owl-nav div.owl-prev i {\n  padding: 0px 0px 0px 0px;\n}\n.gallery-carousel-shortcode.gallery-carousel-shortcode-id-73e8cee5c23e747dad4d26ef42c689f1.owl-carousel .owl-nav div.owl-next {\n  top: 50%;\n  transform: translateY(calc(-50% + 0px));\n  right: -43px;\n}\n@media all and (-ms-high-contrast: none) {\n  .gallery-carousel-shortcode.gallery-carousel-shortcode-id-73e8cee5c23e747dad4d26ef42c689f1.owl-carousel .owl-nav div.owl-next {\n    transform: translateY(-50%);\n    margin-top: 0px;\n  }\n}\n.gallery-carousel-shortcode.gallery-carousel-shortcode-id-73e8cee5c23e747dad4d26ef42c689f1.owl-carousel .owl-nav div.owl-next i {\n  padding: 0px 0px 0px 0px;\n}\n.gallery-carousel-shortcode.gallery-carousel-shortcode-id-73e8cee5c23e747dad4d26ef42c689f1.owl-carousel .owl-nav i {\n  font-size: 18px;\n}\n.gallery-carousel-shortcode.gallery-carousel-shortcode-id-73e8cee5c23e747dad4d26ef42c689f1.owl-carousel .owl-nav div:not(:hover) i,\n.gallery-carousel-shortcode.gallery-carousel-shortcode-id-73e8cee5c23e747dad4d26ef42c689f1.owl-carousel .owl-nav div:not(:hover) i:before {\n  color: #ffffff;\n  background: none;\n}\n.gallery-carousel-shortcode.gallery-carousel-shortcode-id-73e8cee5c23e747dad4d26ef42c689f1.owl-carousel .owl-nav div:hover i,\n.gallery-carousel-shortcode.gallery-carousel-shortcode-id-73e8cee5c23e747dad4d26ef42c689f1.owl-carousel .owl-nav div:hover i:before {\n  color: rgba(255,255,255,0.75);\n  background: none;\n}\n.gallery-carousel-shortcode.gallery-carousel-shortcode-id-73e8cee5c23e747dad4d26ef42c689f1 .owl-dots {\n  top: calc(100% + 20px);\n  left: 50%;\n  transform: translateX(calc(-50% + 0px));\n}\n@media all and (-ms-high-contrast: none) {\n  .gallery-carousel-shortcode.gallery-carousel-shortcode-id-73e8cee5c23e747dad4d26ef42c689f1 .owl-dots {\n    transform: translateX(-50%);\n    margin-left: 0px;\n  }\n}\n.gallery-carousel-shortcode.gallery-carousel-shortcode-id-73e8cee5c23e747dad4d26ef42c689f1 .owl-dot {\n  width: 10px;\n  height: 10px;\n  margin: 0 8px;\n}\n@media screen and (max-width: 778px) {\n  .gallery-carousel-shortcode.gallery-carousel-shortcode-id-73e8cee5c23e747dad4d26ef42c689f1.hide-arrows .owl-nav a {\n    display: none;\n  }\n}\n@media screen and (max-width: 778px) {\n  .gallery-carousel-shortcode.gallery-carousel-shortcode-id-73e8cee5c23e747dad4d26ef42c689f1.reposition-arrows .owl-nav div.owl-prev {\n    top: 50%;\n    transform: translateY(calc(-50% + 0px));\n    left: 10px;\n  }\n  .gallery-carousel-shortcode.gallery-carousel-shortcode-id-73e8cee5c23e747dad4d26ef42c689f1.reposition-arrows .owl-nav div.owl-next {\n    top: 50%;\n    transform: translateY(calc(-50% + 0px));\n    right: 10px;\n  }\n}\n@media screen and (max-width: 778px) and all and (-ms-high-contrast: none) {\n  .gallery-carousel-shortcode.gallery-carousel-shortcode-id-73e8cee5c23e747dad4d26ef42c689f1.reposition-arrows .owl-nav div.owl-prev {\n    transform: translateY(-50%);\n    margin-top: 0px;\n  }\n}\n@media screen and (max-width: 778px) and all and (-ms-high-contrast: none) {\n  .gallery-carousel-shortcode.gallery-carousel-shortcode-id-73e8cee5c23e747dad4d26ef42c689f1.reposition-arrows .owl-nav div.owl-next {\n    transform: translateY(-50%);\n    margin-top: 0px;\n  }\n}\n.gallery-carousel-shortcode.gallery-carousel-shortcode-id-73e8cee5c23e747dad4d26ef42c689f1 figure,\n.gallery-carousel-shortcode.gallery-carousel-shortcode-id-73e8cee5c23e747dad4d26ef42c689f1 .rollover,\n.gallery-carousel-shortcode.gallery-carousel-shortcode-id-73e8cee5c23e747dad4d26ef42c689f1 img,\n.gallery-carousel-shortcode.gallery-carousel-shortcode-id-73e8cee5c23e747dad4d26ef42c689f1 .gallery-rollover {\n  border-radius: 0px;\n}\n.gallery-carousel-shortcode.gallery-carousel-shortcode-id-73e8cee5c23e747dad4d26ef42c689f1.enable-bg-rollover .gallery-rollover {\n  background: -webkit-linear-gradient();\n  background: linear-gradient();\n}\n.gallery-carousel-shortcode.gallery-carousel-shortcode-id-73e8cee5c23e747dad4d26ef42c689f1.enable-img-shadow .owl-stage-outer {\n  padding: 14px 0;\n}\n.gallery-carousel-shortcode.gallery-carousel-shortcode-id-73e8cee5c23e747dad4d26ef42c689f1.enable-bg-rollover.hover-scale figure .rollover:after {\n  background: -webkit-linear-gradient();\n  background: linear-gradient();\n}\n.gallery-carousel-shortcode.gallery-carousel-shortcode-id-73e8cee5c23e747dad4d26ef42c689f1.gallery-shortcode .gallery-zoom-ico {\n  width: 44px;\n  height: 44px;\n  line-height: 44px;\n  border-radius: 100px;\n  margin: -22px 0 0 -22px;\n  border-width: 0px;\n}\n.dt-icon-bg-on.gallery-carousel-shortcode.gallery-carousel-shortcode-id-73e8cee5c23e747dad4d26ef42c689f1.gallery-shortcode .gallery-zoom-ico {\n  background: rgba(255,255,255,0.3);\n  box-shadow: none;\n}\n.gallery-carousel-shortcode.gallery-carousel-shortcode-id-73e8cee5c23e747dad4d26ef42c689f1.gallery-shortcode .gallery-zoom-ico:before,\n.gallery-carousel-shortcode.gallery-carousel-shortcode-id-73e8cee5c23e747dad4d26ef42c689f1.gallery-shortcode .gallery-zoom-ico span {\n  font-size: 32px;\n  line-height: 44px;\n  color: #ffffff;\n  background: none;\n}<\/style><div class=\"owl-carousel gallery-carousel-shortcode gallery-shortcode  dt-gallery-container dt-owl-carousel-call gallery-carousel-shortcode-id-73e8cee5c23e747dad4d26ef42c689f1 quick-scale-img enable-bg-rollover meta-info-off dt-arrow-border-on dt-arrow-hover-border-on bullets-small-dot-stroke reposition-arrows dt-icon-bg-off arrows-bg-on disable-arrows-hover-bg arrows-hover-bg-on  hover-fade \" data-scroll-mode=\"1\" data-col-num=\"6\" data-wide-col-num=\"6\" data-laptop-col=\"5\" data-h-tablet-columns-num=\"4\" data-v-tablet-columns-num=\"3\" data-phone-columns-num=\"1\" data-col-gap=\"10\" data-stage-padding=\"0\" data-speed=\"600\" data-autoplay=\"false\" data-autoplay_speed=\"6000\" data-arrows=\"true\" data-bullet=\"false\" data-next-icon=\"icon-ar-017-r\" data-prev-icon=\"icon-ar-017-l\" data-img-shadow-size=\"12px\" data-img-shadow-spread=\"3px\"><div data-post-id=\"1061\" data-date=\"2025-11-06T04:06:47+00:00\" data-name=\"20250704_125612\"><figure class=\"post\"><a href=\"https:\/\/lacteosdelprado.cl\/wp-content\/uploads\/2025\/11\/20250704_125612-scaled.jpg\" class=\"rollover dt-pswp-item layzr-bg\" data-large_image_width=\"2560\" data-large_image_height=\"1196\" data-dt-img-description=\"\" title=\"20250704_125612\"><img fetchpriority=\"high\" decoding=\"async\" class=\"preload-me owl-lazy-load aspect\" src=\"data:image\/svg+xml,%3Csvg%20xmlns%3D&#39;http%3A%2F%2Fwww.w3.org%2F2000%2Fsvg&#39;%20viewBox%3D&#39;0%200%201196%201196&#39;%2F%3E\" data-src=\"https:\/\/lacteosdelprado.cl\/wp-content\/uploads\/2025\/11\/20250704_125612-scaled-1196x1196.jpg\" data-srcset=\"https:\/\/lacteosdelprado.cl\/wp-content\/uploads\/2025\/11\/20250704_125612-scaled-1196x1196.jpg 1196w\" loading=\"eager\" style=\"--ratio: 1196 \/ 1196\" sizes=\"(max-width: 1196px) 100vw, 1196px\" alt=\"\" width=\"1196\" height=\"1196\"  \/><span class=\"gallery-rollover\"><span class=\"gallery-zoom-ico icomoon-the7-font-the7-zoom-06\"><span><\/span><\/span><\/span><\/a><\/figure><\/div><div data-post-id=\"1167\" data-date=\"2025-11-09T22:15:39+00:00\" data-name=\"02\"><figure class=\"post\"><a href=\"https:\/\/lacteosdelprado.cl\/wp-content\/uploads\/2025\/11\/02.jpg\" class=\"rollover dt-pswp-item layzr-bg\" data-large_image_width=\"1440\" data-large_image_height=\"1440\" data-dt-img-description=\"\" title=\"02\"><img decoding=\"async\" class=\"preload-me owl-lazy-load aspect\" src=\"data:image\/svg+xml,%3Csvg%20xmlns%3D&#39;http%3A%2F%2Fwww.w3.org%2F2000%2Fsvg&#39;%20viewBox%3D&#39;0%200%201440%201440&#39;%2F%3E\" data-src=\"https:\/\/lacteosdelprado.cl\/wp-content\/uploads\/2025\/11\/02.jpg\" data-srcset=\"https:\/\/lacteosdelprado.cl\/wp-content\/uploads\/2025\/11\/02.jpg 1440w\" loading=\"eager\" style=\"--ratio: 1440 \/ 1440\" sizes=\"(max-width: 1440px) 100vw, 1440px\" alt=\"\" width=\"1440\" height=\"1440\"  \/><span class=\"gallery-rollover\"><span class=\"gallery-zoom-ico icomoon-the7-font-the7-zoom-06\"><span><\/span><\/span><\/span><\/a><\/figure><\/div><div data-post-id=\"1060\" data-date=\"2025-11-06T04:06:19+00:00\" data-name=\"64ee1a7cd312c_890x533\"><figure class=\"post\"><a href=\"https:\/\/lacteosdelprado.cl\/wp-content\/uploads\/2025\/11\/64ee1a7cd312c_890x533.jpg\" class=\"rollover dt-pswp-item layzr-bg\" data-large_image_width=\"890\" data-large_image_height=\"533\" data-dt-img-description=\"\" title=\"64ee1a7cd312c_890x533\"><img decoding=\"async\" class=\"preload-me owl-lazy-load aspect\" src=\"data:image\/svg+xml,%3Csvg%20xmlns%3D&#39;http%3A%2F%2Fwww.w3.org%2F2000%2Fsvg&#39;%20viewBox%3D&#39;0%200%20533%20533&#39;%2F%3E\" data-src=\"https:\/\/lacteosdelprado.cl\/wp-content\/uploads\/2025\/11\/64ee1a7cd312c_890x533-533x533.jpg\" data-srcset=\"https:\/\/lacteosdelprado.cl\/wp-content\/uploads\/2025\/11\/64ee1a7cd312c_890x533-533x533.jpg 533w\" loading=\"eager\" style=\"--ratio: 533 \/ 533\" sizes=\"(max-width: 533px) 100vw, 533px\" alt=\"\" width=\"533\" height=\"533\"  \/><span class=\"gallery-rollover\"><span class=\"gallery-zoom-ico icomoon-the7-font-the7-zoom-06\"><span><\/span><\/span><\/span><\/a><\/figure><\/div><div data-post-id=\"1077\" data-date=\"2025-11-06T04:29:59+00:00\" data-name=\"ADMIN ESPECIALIZADOS (23)(1)\"><figure class=\"post\"><a href=\"https:\/\/lacteosdelprado.cl\/wp-content\/uploads\/2025\/11\/ADMIN-ESPECIALIZADOS-231.jpg\" class=\"rollover dt-pswp-item layzr-bg\" data-large_image_width=\"1600\" data-large_image_height=\"960\" data-dt-img-description=\"\" title=\"ADMIN ESPECIALIZADOS (23)(1)\"><img decoding=\"async\" class=\"preload-me owl-lazy-load aspect\" src=\"data:image\/svg+xml,%3Csvg%20xmlns%3D&#39;http%3A%2F%2Fwww.w3.org%2F2000%2Fsvg&#39;%20viewBox%3D&#39;0%200%20960%20960&#39;%2F%3E\" data-src=\"https:\/\/lacteosdelprado.cl\/wp-content\/uploads\/2025\/11\/ADMIN-ESPECIALIZADOS-231-960x960.jpg\" data-srcset=\"https:\/\/lacteosdelprado.cl\/wp-content\/uploads\/2025\/11\/ADMIN-ESPECIALIZADOS-231-960x960.jpg 960w\" loading=\"eager\" style=\"--ratio: 960 \/ 960\" sizes=\"(max-width: 960px) 100vw, 960px\" alt=\"\" width=\"960\" height=\"960\"  \/><span class=\"gallery-rollover\"><span class=\"gallery-zoom-ico icomoon-the7-font-the7-zoom-06\"><span><\/span><\/span><\/span><\/a><\/figure><\/div><div data-post-id=\"1152\" data-date=\"2025-11-09T21:49:44+00:00\" data-name=\"2020-01-14 (1)\"><figure class=\"post\"><a href=\"https:\/\/lacteosdelprado.cl\/wp-content\/uploads\/2025\/11\/2020-01-14-1.jpg\" class=\"rollover dt-pswp-item layzr-bg\" data-large_image_width=\"500\" data-large_image_height=\"500\" data-dt-img-description=\"\" title=\"2020-01-14 (1)\"><img decoding=\"async\" class=\"preload-me owl-lazy-load aspect\" src=\"data:image\/svg+xml,%3Csvg%20xmlns%3D&#39;http%3A%2F%2Fwww.w3.org%2F2000%2Fsvg&#39;%20viewBox%3D&#39;0%200%20500%20500&#39;%2F%3E\" data-src=\"https:\/\/lacteosdelprado.cl\/wp-content\/uploads\/2025\/11\/2020-01-14-1.jpg\" data-srcset=\"https:\/\/lacteosdelprado.cl\/wp-content\/uploads\/2025\/11\/2020-01-14-1.jpg 500w\" loading=\"eager\" style=\"--ratio: 500 \/ 500\" sizes=\"(max-width: 500px) 100vw, 500px\" alt=\"\" width=\"500\" height=\"500\"  \/><span class=\"gallery-rollover\"><span class=\"gallery-zoom-ico icomoon-the7-font-the7-zoom-06\"><span><\/span><\/span><\/span><\/a><\/figure><\/div><div data-post-id=\"1153\" data-date=\"2025-11-09T21:49:45+00:00\" data-name=\"2020-01-14\"><figure class=\"post\"><a href=\"https:\/\/lacteosdelprado.cl\/wp-content\/uploads\/2025\/11\/2020-01-14.jpg\" class=\"rollover dt-pswp-item layzr-bg\" data-large_image_width=\"500\" data-large_image_height=\"500\" data-dt-img-description=\"\" title=\"2020-01-14\"><img decoding=\"async\" class=\"preload-me owl-lazy-load aspect\" src=\"data:image\/svg+xml,%3Csvg%20xmlns%3D&#39;http%3A%2F%2Fwww.w3.org%2F2000%2Fsvg&#39;%20viewBox%3D&#39;0%200%20500%20500&#39;%2F%3E\" data-src=\"https:\/\/lacteosdelprado.cl\/wp-content\/uploads\/2025\/11\/2020-01-14.jpg\" data-srcset=\"https:\/\/lacteosdelprado.cl\/wp-content\/uploads\/2025\/11\/2020-01-14.jpg 500w\" loading=\"eager\" style=\"--ratio: 500 \/ 500\" sizes=\"(max-width: 500px) 100vw, 500px\" alt=\"\" width=\"500\" height=\"500\"  \/><span class=\"gallery-rollover\"><span class=\"gallery-zoom-ico icomoon-the7-font-the7-zoom-06\"><span><\/span><\/span><\/span><\/a><\/figure><\/div><div data-post-id=\"1155\" data-date=\"2025-11-09T21:49:47+00:00\" data-name=\"2024-02-25\"><figure class=\"post\"><a href=\"https:\/\/lacteosdelprado.cl\/wp-content\/uploads\/2025\/11\/2024-02-25.jpg\" class=\"rollover dt-pswp-item layzr-bg\" data-large_image_width=\"648\" data-large_image_height=\"486\" data-dt-img-description=\"\" title=\"2024-02-25\"><img decoding=\"async\" class=\"preload-me owl-lazy-load aspect\" src=\"data:image\/svg+xml,%3Csvg%20xmlns%3D&#39;http%3A%2F%2Fwww.w3.org%2F2000%2Fsvg&#39;%20viewBox%3D&#39;0%200%20486%20486&#39;%2F%3E\" data-src=\"https:\/\/lacteosdelprado.cl\/wp-content\/uploads\/2025\/11\/2024-02-25-486x486.jpg\" data-srcset=\"https:\/\/lacteosdelprado.cl\/wp-content\/uploads\/2025\/11\/2024-02-25-486x486.jpg 486w\" loading=\"eager\" style=\"--ratio: 486 \/ 486\" sizes=\"(max-width: 486px) 100vw, 486px\" alt=\"\" width=\"486\" height=\"486\"  \/><span class=\"gallery-rollover\"><span class=\"gallery-zoom-ico icomoon-the7-font-the7-zoom-06\"><span><\/span><\/span><\/span><\/a><\/figure><\/div><div data-post-id=\"1166\" data-date=\"2025-11-09T22:15:38+00:00\" data-name=\"01\"><figure class=\"post\"><a href=\"https:\/\/lacteosdelprado.cl\/wp-content\/uploads\/2025\/11\/01.jpg\" class=\"rollover dt-pswp-item layzr-bg\" data-large_image_width=\"1440\" data-large_image_height=\"1440\" data-dt-img-description=\"\" title=\"01\"><img decoding=\"async\" class=\"preload-me owl-lazy-load aspect\" src=\"data:image\/svg+xml,%3Csvg%20xmlns%3D&#39;http%3A%2F%2Fwww.w3.org%2F2000%2Fsvg&#39;%20viewBox%3D&#39;0%200%201440%201440&#39;%2F%3E\" data-src=\"https:\/\/lacteosdelprado.cl\/wp-content\/uploads\/2025\/11\/01.jpg\" data-srcset=\"https:\/\/lacteosdelprado.cl\/wp-content\/uploads\/2025\/11\/01.jpg 1440w\" loading=\"eager\" style=\"--ratio: 1440 \/ 1440\" sizes=\"(max-width: 1440px) 100vw, 1440px\" alt=\"\" width=\"1440\" height=\"1440\"  \/><span class=\"gallery-rollover\"><span class=\"gallery-zoom-ico icomoon-the7-font-the7-zoom-06\"><span><\/span><\/span><\/span><\/a><\/figure><\/div><div data-post-id=\"1062\" data-date=\"2025-11-06T04:07:18+00:00\" data-name=\"IMG-20250627-WA0005\"><figure class=\"post\"><a href=\"https:\/\/lacteosdelprado.cl\/wp-content\/uploads\/2025\/11\/IMG-20250627-WA0005.jpg\" class=\"rollover dt-pswp-item layzr-bg\" data-large_image_width=\"1599\" data-large_image_height=\"899\" data-dt-img-description=\"\" title=\"IMG-20250627-WA0005\"><img decoding=\"async\" class=\"preload-me owl-lazy-load aspect\" src=\"data:image\/svg+xml,%3Csvg%20xmlns%3D&#39;http%3A%2F%2Fwww.w3.org%2F2000%2Fsvg&#39;%20viewBox%3D&#39;0%200%20899%20899&#39;%2F%3E\" data-src=\"https:\/\/lacteosdelprado.cl\/wp-content\/uploads\/2025\/11\/IMG-20250627-WA0005-899x899.jpg\" data-srcset=\"https:\/\/lacteosdelprado.cl\/wp-content\/uploads\/2025\/11\/IMG-20250627-WA0005-899x899.jpg 899w\" loading=\"eager\" style=\"--ratio: 899 \/ 899\" sizes=\"(max-width: 899px) 100vw, 899px\" alt=\"\" width=\"899\" height=\"899\"  \/><span class=\"gallery-rollover\"><span class=\"gallery-zoom-ico icomoon-the7-font-the7-zoom-06\"><span><\/span><\/span><\/span><\/a><\/figure><\/div><div data-post-id=\"1169\" data-date=\"2025-11-09T22:16:21+00:00\" data-name=\"03\"><figure class=\"post\"><a href=\"https:\/\/lacteosdelprado.cl\/wp-content\/uploads\/2025\/11\/03.jpg\" class=\"rollover dt-pswp-item layzr-bg\" data-large_image_width=\"1440\" data-large_image_height=\"1440\" data-dt-img-description=\"\" title=\"03\"><img decoding=\"async\" class=\"preload-me owl-lazy-load aspect\" src=\"data:image\/svg+xml,%3Csvg%20xmlns%3D&#39;http%3A%2F%2Fwww.w3.org%2F2000%2Fsvg&#39;%20viewBox%3D&#39;0%200%201440%201440&#39;%2F%3E\" data-src=\"https:\/\/lacteosdelprado.cl\/wp-content\/uploads\/2025\/11\/03.jpg\" data-srcset=\"https:\/\/lacteosdelprado.cl\/wp-content\/uploads\/2025\/11\/03.jpg 1440w\" loading=\"eager\" style=\"--ratio: 1440 \/ 1440\" sizes=\"(max-width: 1440px) 100vw, 1440px\" alt=\"\" width=\"1440\" height=\"1440\"  \/><span class=\"gallery-rollover\"><span class=\"gallery-zoom-ico icomoon-the7-font-the7-zoom-06\"><span><\/span><\/span><\/span><\/a><\/figure><\/div><\/div>[vc_separator color=\u00bbwhite\u00bb border_width=\u00bb7&#8243; css=\u00bb\u00bb]<a href=\"https:\/\/lacteosdelprado.cl\/index.php\/about-us\/\" class=\"btn-shortcode dt-btn-m dt-btn default-btn-color default-btn-hover-color default-btn-bg-color default-btn-bg-hover-color\" id=\"dt-btn-1\"><span>LEER MAS<\/span><\/a>[\/vc_column][\/vc_row][vc_row full_width=\u00bbstretch_row\u00bb type=\u00bbvc_default\u00bb css=\u00bb.vc_custom_1474232632747{margin-bottom: -60px !important;padding-top: 80px !important;padding-bottom: 50px !important;background-color: #131313 !important;}\u00bb][vc_column css=\u00bb.vc_custom_1460570299912{padding-bottom: 40px !important;}\u00bb][vc_single_image image=\u00bb1105&#8243; img_size=\u00bb300&#215;300&#8243; alignment=\u00bbcenter\u00bb css_animation=\u00bbfadeInUp\u00bb css=\u00bb.vc_custom_1762723968955{padding-bottom: 10px !important;}\u00bb][\/vc_column][vc_column css=\u00bb.vc_custom_1460570841666{padding-bottom: 20px !important;}\u00bb]<div class=\" uavc-icons-center uavc-icons \">\n<a class=\"aio-tooltip 69f1516900841\" href=\"#\"  data-toggle=\"tooltip\" data-placement=\"\" title=\"\"><div class=\"aio-icon circle \" data-animation=\"\" data-animation-delay=\"03\" style=\"color:#131313;background:#f7f7f7;font-size:18px;margin-right:5px;\">\n\t<i class=\"icomoon-free-social-contact-16x16-facebook\"><\/i>\n<\/div><\/a>\n<a class=\"aio-tooltip 69f1516900857\" href=\"#\"  data-toggle=\"tooltip\" data-placement=\"\" title=\"\"><div class=\"aio-icon circle \" data-animation=\"\" data-animation-delay=\"03\" style=\"color:#131313;background:#f7f7f7;font-size:18px;margin-right:5px;\">\n\t<i class=\"icomoon-free-social-contact-16x16-instagram\"><\/i>\n<\/div><\/a><\/div>[\/vc_column][vc_column css=\u00bb.vc_custom_1469282395397{padding-top: 10px !important;padding-bottom: 5px !important;}\u00bb]<div id=\"ultimate-heading-789969f1516900876\" class=\"uvc-heading ult-adjust-bottom-margin ultimate-heading-789969f1516900876 uvc-3629 \" data-hspacer=\"no_spacer\"  data-halign=\"center\" style=\"text-align:center\"><div class=\"uvc-heading-spacer no_spacer\" style=\"top\"><\/div><div class=\"uvc-sub-heading ult-responsive\"  data-ultimate-target='.uvc-heading.ultimate-heading-789969f1516900876 .uvc-sub-heading '  data-responsive-json-new='{\"font-size\":\"desktop:15px;\",\"line-height\":\"desktop:22px;\"}'  style=\"font-family:&#039;Poppins&#039;;font-weight:normal;font-style:normal;color:#a0a0a0;\">Sitio Web desarrollado por Agencia <a href=\"http:\/\/www.ambienteweb.cl\">Ambiente Web<\/a><\/div><\/div>[\/vc_column][\/vc_row]<\/p>\n<\/div>","protected":false},"excerpt":{"rendered":"<p>[vc_row type=\u00bbvc_default\u00bb css=\u00bb.vc_custom_1474232608981{padding-top: 30px !important;padding-bottom: 40px !important;}\u00bb][vc_column width=\u00bb1\/2&#8243;][vc_column_text css=\u00bb.vc_custom_1762399027438{padding-bottom: 35px !important;}\u00bb]Contamos con m\u00e1s de 15 diferentes productos entre los que se destacan quesos mantecosos, ahumados, maduros y un queso al estilo franc\u00e9s \u201cMorbier\u201d junto a yogures, cremosos y libres de lactosa. Adem\u00e1s contamos con l\u00ednea exclusiva de \u201cAutor\u201d, con tres variedades, \u201cCapa Negra\u201d, un queso&hellip;<\/p>\n","protected":false},"author":1,"featured_media":0,"parent":0,"menu_order":0,"comment_status":"closed","ping_status":"closed","template":"","meta":{"footnotes":""},"class_list":["post-7","page","type-page","status-publish","hentry","description-off"],"_links":{"self":[{"href":"https:\/\/lacteosdelprado.cl\/index.php\/wp-json\/wp\/v2\/pages\/7","targetHints":{"allow":["GET"]}}],"collection":[{"href":"https:\/\/lacteosdelprado.cl\/index.php\/wp-json\/wp\/v2\/pages"}],"about":[{"href":"https:\/\/lacteosdelprado.cl\/index.php\/wp-json\/wp\/v2\/types\/page"}],"author":[{"embeddable":true,"href":"https:\/\/lacteosdelprado.cl\/index.php\/wp-json\/wp\/v2\/users\/1"}],"replies":[{"embeddable":true,"href":"https:\/\/lacteosdelprado.cl\/index.php\/wp-json\/wp\/v2\/comments?post=7"}],"version-history":[{"count":25,"href":"https:\/\/lacteosdelprado.cl\/index.php\/wp-json\/wp\/v2\/pages\/7\/revisions"}],"predecessor-version":[{"id":1175,"href":"https:\/\/lacteosdelprado.cl\/index.php\/wp-json\/wp\/v2\/pages\/7\/revisions\/1175"}],"wp:attachment":[{"href":"https:\/\/lacteosdelprado.cl\/index.php\/wp-json\/wp\/v2\/media?parent=7"}],"curies":[{"name":"wp","href":"https:\/\/api.w.org\/{rel}","templated":true}]}}